{"id":73080,"date":"2023-08-28T09:49:57","date_gmt":"2023-08-28T07:55:59","guid":{"rendered":"https:\/\/h-moser.com\/?post_type=product&#038;p=73080"},"modified":"2024-11-28T08:12:05","modified_gmt":"2024-11-28T07:12:05","slug":"endeavour-centre-seconds-vantablack-1200-0411","status":"publish","type":"product","link":"https:\/\/h-moser.com\/fr\/produit\/endeavour-centre-seconds-vantablack-1200-0411\/","title":{"rendered":"Endeavour Centre Seconds Vantablack\u00ae"},"content":{"rendered":"<p>D&rsquo;un minimalisme saisissant et d\u2019une incroyable profondeur visuelle, le mod\u00e8le Endeavour Centre Seconds Vantablack\u00ae est fabriqu\u00e9 \u00e0 partir d&rsquo;un rev\u00eatement innovant \u2013\u00a0utilis\u00e9 en astrophysique\u00a0\u2013 connu comme le mat\u00e9riau artificiel le plus noir qui existe. Les index des heures appliqu\u00e9s sous le cadran renforcent cette profondeur par leur \u00e9clat. Le bo\u00eetier en or rouge, assorti aux aiguilles et aux index, cr\u00e9e un contraste saisissant et chaleureux.<\/p>\n","protected":false},"excerpt":{"rendered":"<p>D&rsquo;un minimalisme saisissant et d\u2019une incroyable profondeur visuelle, le mod\u00e8le Endeavour Centre Seconds Vantablack\u00ae est fabriqu\u00e9 \u00e0 partir d&rsquo;un rev\u00eatement innovant \u2013\u00a0utilis\u00e9 en astrophysique\u00a0\u2013 connu comme le mat\u00e9riau artificiel le plus noir qui existe. Les index des heures appliqu\u00e9s sous le cadran renforcent cette profondeur par leur \u00e9clat. Le bo\u00eetier en or rouge, assorti aux &hellip; <a href=\"https:\/\/h-moser.com\/fr\/produit\/endeavour-centre-seconds-vantablack-1200-0411\/\">Continued<\/a><\/p>\n","protected":false},"featured_media":73048,"template":"","meta":{"_acf_changed":false,"_seopress_robots_primary_cat":"none","_seopress_titles_title":"","_seopress_titles_desc":"","_seopress_robots_index":""},"product_brand":[],"product_cat":[168],"product_tag":[],"class_list":{"0":"post-73080","1":"product","2":"type-product","3":"status-publish","4":"has-post-thumbnail","6":"product_cat-endeavour-fr-2","8":"first","9":"outofstock","10":"shipping-taxable","11":"purchasable","12":"product-type-simple"},"acf":[],"_links":{"self":[{"href":"https:\/\/h-moser.com\/fr\/wp-json\/wp\/v2\/product\/73080","targetHints":{"allow":["GET"]}}],"collection":[{"href":"https:\/\/h-moser.com\/fr\/wp-json\/wp\/v2\/product"}],"about":[{"href":"https:\/\/h-moser.com\/fr\/wp-json\/wp\/v2\/types\/product"}],"wp:featuredmedia":[{"embeddable":true,"href":"https:\/\/h-moser.com\/fr\/wp-json\/wp\/v2\/media\/73048"}],"wp:attachment":[{"href":"https:\/\/h-moser.com\/fr\/wp-json\/wp\/v2\/media?parent=73080"}],"wp:term":[{"taxonomy":"product_brand","embeddable":true,"href":"https:\/\/h-moser.com\/fr\/wp-json\/wp\/v2\/product_brand?post=73080"},{"taxonomy":"product_cat","embeddable":true,"href":"https:\/\/h-moser.com\/fr\/wp-json\/wp\/v2\/product_cat?post=73080"},{"taxonomy":"product_tag","embeddable":true,"href":"https:\/\/h-moser.com\/fr\/wp-json\/wp\/v2\/product_tag?post=73080"}],"curies":[{"name":"wp","href":"https:\/\/api.w.org\/{rel}","templated":true}]}}