{"id":77603,"date":"2024-11-26T07:33:02","date_gmt":"2023-10-26T06:03:43","guid":{"rendered":"https:\/\/h-moser.com\/?post_type=product&#038;p=77603"},"modified":"2024-07-02T16:51:02","modified_gmt":"2024-07-02T14:51:02","slug":"endeavour-chinese-calendar-1210-0400","status":"publish","type":"product","link":"https:\/\/h-moser.com\/fr\/produit\/endeavour-chinese-calendar-1210-0400\/","title":{"rendered":"Endeavour Chinese Calendar Limited Edition"},"content":{"rendered":"<p>Dans le m\u00eame esprit que son quanti\u00e8me perp\u00e9tuel prim\u00e9, H.\u00a0Moser &amp;\u00a0Cie. unit le soleil et la lune dans le mod\u00e8le Endeavour Chinese Calendar Limited Edition\u00a0: les \u00e9l\u00e9ments du calendrier luni-solaire chinois et du calendrier solaire gr\u00e9gorien, calcul\u00e9s s\u00e9par\u00e9ment, sont combin\u00e9s et synchronis\u00e9s dans un garde-temps qui ne requiert aucune correction durant 12\u00a0ans. Une v\u00e9ritable prouesse de technicit\u00e9 et de cr\u00e9ativit\u00e9.<\/p>\n","protected":false},"excerpt":{"rendered":"<p>Dans le m\u00eame esprit que son quanti\u00e8me perp\u00e9tuel prim\u00e9, H.\u00a0Moser &amp;\u00a0Cie. unit le soleil et la lune dans le mod\u00e8le Endeavour Chinese Calendar Limited Edition\u00a0: les \u00e9l\u00e9ments du calendrier luni-solaire chinois et du calendrier solaire gr\u00e9gorien, calcul\u00e9s s\u00e9par\u00e9ment, sont combin\u00e9s et synchronis\u00e9s dans un garde-temps qui ne requiert aucune correction durant 12\u00a0ans. Une v\u00e9ritable prouesse &hellip; <a href=\"https:\/\/h-moser.com\/fr\/produit\/endeavour-chinese-calendar-1210-0400\/\">Continued<\/a><\/p>\n","protected":false},"featured_media":77585,"template":"","meta":{"_acf_changed":false,"_seopress_robots_primary_cat":"none","_seopress_titles_title":"","_seopress_titles_desc":"","_seopress_robots_index":""},"product_brand":[],"product_cat":[1811,168],"product_tag":[],"class_list":{"0":"post-77603","1":"product","2":"type-product","3":"status-publish","4":"has-post-thumbnail","6":"product_cat-chinese-calendar-fr-fr","7":"product_cat-endeavour-fr-2","9":"first","10":"instock","11":"shipping-taxable","12":"purchasable","13":"product-type-simple"},"acf":[],"_links":{"self":[{"href":"https:\/\/h-moser.com\/fr\/wp-json\/wp\/v2\/product\/77603","targetHints":{"allow":["GET"]}}],"collection":[{"href":"https:\/\/h-moser.com\/fr\/wp-json\/wp\/v2\/product"}],"about":[{"href":"https:\/\/h-moser.com\/fr\/wp-json\/wp\/v2\/types\/product"}],"wp:featuredmedia":[{"embeddable":true,"href":"https:\/\/h-moser.com\/fr\/wp-json\/wp\/v2\/media\/77585"}],"wp:attachment":[{"href":"https:\/\/h-moser.com\/fr\/wp-json\/wp\/v2\/media?parent=77603"}],"wp:term":[{"taxonomy":"product_brand","embeddable":true,"href":"https:\/\/h-moser.com\/fr\/wp-json\/wp\/v2\/product_brand?post=77603"},{"taxonomy":"product_cat","embeddable":true,"href":"https:\/\/h-moser.com\/fr\/wp-json\/wp\/v2\/product_cat?post=77603"},{"taxonomy":"product_tag","embeddable":true,"href":"https:\/\/h-moser.com\/fr\/wp-json\/wp\/v2\/product_tag?post=77603"}],"curies":[{"name":"wp","href":"https:\/\/api.w.org\/{rel}","templated":true}]}}