{"id":78673,"date":"2023-11-16T15:29:12","date_gmt":"2023-11-16T14:32:41","guid":{"rendered":"https:\/\/h-moser.com\/?post_type=product&#038;p=78673"},"modified":"2024-11-15T15:26:02","modified_gmt":"2024-11-15T14:26:02","slug":"streamliner-small-seconds-6500-1200","status":"publish","type":"product","link":"https:\/\/h-moser.com\/fr\/produit\/streamliner-small-seconds-6500-1200\/","title":{"rendered":"Streamliner Small Seconds Blue Enamel"},"content":{"rendered":"<p>Cette nouvelle cr\u00e9ation se veut l\u2019expression in\u00e9dite d\u2019un look sport chic qui met \u00e0 l\u2019honneur le savoir-faire artisanal, dans des proportions parfaitement \u00e9quilibr\u00e9es. La Streamliner Small Seconds Blue Enamel de H. Moser &amp; Cie. arbore un cadran en \u00e9mail Grand Feu translucide, couleur Aqua Blue fum\u00e9, et un nouveau bo\u00eetier fin en acier de 39 mm de diam\u00e8tre, avec bracelet int\u00e9gr\u00e9. Le garde-temps est \u00e9quip\u00e9 du calibre HMC 500, un mouvement manufacture \u00e0 remontage automatique muni d\u2019un micro-rotor et orn\u00e9 de finitions contemporaines.<\/p>\n","protected":false},"excerpt":{"rendered":"<p>Cette nouvelle cr\u00e9ation se veut l\u2019expression in\u00e9dite d\u2019un look sport chic qui met \u00e0 l\u2019honneur le savoir-faire artisanal, dans des proportions parfaitement \u00e9quilibr\u00e9es. La Streamliner Small Seconds Blue Enamel de H. Moser &amp; Cie. arbore un cadran en \u00e9mail Grand Feu translucide, couleur Aqua Blue fum\u00e9, et un nouveau bo\u00eetier fin en acier de 39 &hellip; <a href=\"https:\/\/h-moser.com\/fr\/produit\/streamliner-small-seconds-6500-1200\/\">Continued<\/a><\/p>\n","protected":false},"featured_media":78634,"template":"","meta":{"_acf_changed":false,"_seopress_robots_primary_cat":"none","_seopress_titles_title":"","_seopress_titles_desc":"","_seopress_robots_index":""},"product_brand":[],"product_cat":[1832,99],"product_tag":[],"class_list":{"0":"post-78673","1":"product","2":"type-product","3":"status-publish","4":"has-post-thumbnail","6":"product_cat-small-seconds-fr-2","7":"product_cat-streamliner-fr","9":"first","10":"instock","11":"shipping-taxable","12":"purchasable","13":"product-type-simple"},"acf":[],"_links":{"self":[{"href":"https:\/\/h-moser.com\/fr\/wp-json\/wp\/v2\/product\/78673","targetHints":{"allow":["GET"]}}],"collection":[{"href":"https:\/\/h-moser.com\/fr\/wp-json\/wp\/v2\/product"}],"about":[{"href":"https:\/\/h-moser.com\/fr\/wp-json\/wp\/v2\/types\/product"}],"wp:featuredmedia":[{"embeddable":true,"href":"https:\/\/h-moser.com\/fr\/wp-json\/wp\/v2\/media\/78634"}],"wp:attachment":[{"href":"https:\/\/h-moser.com\/fr\/wp-json\/wp\/v2\/media?parent=78673"}],"wp:term":[{"taxonomy":"product_brand","embeddable":true,"href":"https:\/\/h-moser.com\/fr\/wp-json\/wp\/v2\/product_brand?post=78673"},{"taxonomy":"product_cat","embeddable":true,"href":"https:\/\/h-moser.com\/fr\/wp-json\/wp\/v2\/product_cat?post=78673"},{"taxonomy":"product_tag","embeddable":true,"href":"https:\/\/h-moser.com\/fr\/wp-json\/wp\/v2\/product_tag?post=78673"}],"curies":[{"name":"wp","href":"https:\/\/api.w.org\/{rel}","templated":true}]}}