{"id":8170,"date":"2020-08-07T18:27:26","date_gmt":"2020-08-28T10:01:46","guid":{"rendered":"https:\/\/dev.cosavostra.com\/hmoser\/product\/heritage-centre-seconds-2\/"},"modified":"2024-03-26T17:14:55","modified_gmt":"2024-03-26T16:14:55","slug":"heritage-centre-seconds-2","status":"publish","type":"product","link":"https:\/\/h-moser.com\/fr\/produit\/heritage-centre-seconds-2\/","title":{"rendered":"Heritage Centre Seconds"},"content":{"rendered":"<p><span style=\"font-weight: 400;\">V\u00e9ritable gardien du temps, l&rsquo;Heritage Centre Seconds en <\/span><span style=\"font-weight: 400;\">acier avec un cadran Funky Blue fum\u00e9<\/span><span style=\"font-weight: 400;\"> marie les \u00e9l\u00e9ments conceptuels d&rsquo;hier avec les innovations d&rsquo;aujourd&rsquo;hui. Du bo\u00eetier inspir\u00e9 des montres de poche aux index tridimensionnels en Globolight\u00ae, cette cr\u00e9ation horlog\u00e8re intemporelle constitue un fanal au sein de la dimension perp\u00e9tuellement mouvante qu&rsquo;est le temps.\u00a0<\/span><\/p>\n","protected":false},"excerpt":{"rendered":"<p>V\u00e9ritable gardien du temps, l&rsquo;Heritage Centre Seconds en acier avec un cadran Funky Blue fum\u00e9 marie les \u00e9l\u00e9ments conceptuels d&rsquo;hier avec les innovations d&rsquo;aujourd&rsquo;hui. Du bo\u00eetier inspir\u00e9 des montres de poche aux index tridimensionnels en Globolight\u00ae, cette cr\u00e9ation horlog\u00e8re intemporelle constitue un fanal au sein de la dimension perp\u00e9tuellement mouvante qu&rsquo;est le temps.\u00a0<\/p>\n","protected":false},"featured_media":8371,"template":"","meta":{"_acf_changed":false,"_seopress_robots_primary_cat":"none","_seopress_titles_title":"","_seopress_titles_desc":"","_seopress_robots_index":""},"product_brand":[],"product_cat":[255,250],"product_tag":[],"class_list":{"0":"post-8170","1":"product","2":"type-product","3":"status-publish","4":"has-post-thumbnail","6":"product_cat-centre-seconds-4-fr","7":"product_cat-heritage-fr","9":"first","10":"instock","11":"shipping-taxable","12":"purchasable","13":"product-type-simple"},"acf":[],"_links":{"self":[{"href":"https:\/\/h-moser.com\/fr\/wp-json\/wp\/v2\/product\/8170","targetHints":{"allow":["GET"]}}],"collection":[{"href":"https:\/\/h-moser.com\/fr\/wp-json\/wp\/v2\/product"}],"about":[{"href":"https:\/\/h-moser.com\/fr\/wp-json\/wp\/v2\/types\/product"}],"wp:featuredmedia":[{"embeddable":true,"href":"https:\/\/h-moser.com\/fr\/wp-json\/wp\/v2\/media\/8371"}],"wp:attachment":[{"href":"https:\/\/h-moser.com\/fr\/wp-json\/wp\/v2\/media?parent=8170"}],"wp:term":[{"taxonomy":"product_brand","embeddable":true,"href":"https:\/\/h-moser.com\/fr\/wp-json\/wp\/v2\/product_brand?post=8170"},{"taxonomy":"product_cat","embeddable":true,"href":"https:\/\/h-moser.com\/fr\/wp-json\/wp\/v2\/product_cat?post=8170"},{"taxonomy":"product_tag","embeddable":true,"href":"https:\/\/h-moser.com\/fr\/wp-json\/wp\/v2\/product_tag?post=8170"}],"curies":[{"name":"wp","href":"https:\/\/api.w.org\/{rel}","templated":true}]}}