{"id":8174,"date":"2020-08-07T18:39:18","date_gmt":"2020-08-28T10:07:59","guid":{"rendered":"https:\/\/dev.cosavostra.com\/hmoser\/product\/heritage-tourbillon\/"},"modified":"2020-09-21T08:53:56","modified_gmt":"2020-09-21T06:53:56","slug":"heritage-tourbillon-2","status":"publish","type":"product","link":"https:\/\/h-moser.com\/fr\/produit\/heritage-tourbillon-2\/","title":{"rendered":"Heritage Tourbillon"},"content":{"rendered":"<p><span style=\"font-weight: 400;\">R\u00e9v\u00e9lant son c\u0153ur palpitant \u00e0 travers un guichet situ\u00e9 au bas du cadran, l&rsquo;Heritage Tourbillon en <\/span><span style=\"font-weight: 400;\">or blanc avec un cadran \u00e9maill\u00e9<\/span><span style=\"font-weight: 400;\"> s&rsquo;inspire du pass\u00e9. Chaque mouvement et chaque rotation du tourbillon vient souligner l&rsquo;importance du facteur humain, qui est le c\u0153ur de l&rsquo;horlogerie depuis des si\u00e8cles.<\/span><\/p>\n","protected":false},"excerpt":{"rendered":"<p>R\u00e9v\u00e9lant son c\u0153ur palpitant \u00e0 travers un guichet situ\u00e9 au bas du cadran, l&rsquo;Heritage Tourbillon en or blanc avec un cadran \u00e9maill\u00e9 s&rsquo;inspire du pass\u00e9. Chaque mouvement et chaque rotation du tourbillon vient souligner l&rsquo;importance du facteur humain, qui est le c\u0153ur de l&rsquo;horlogerie depuis des si\u00e8cles.<\/p>\n","protected":false},"featured_media":8294,"template":"","meta":{"_acf_changed":false,"_seopress_robots_primary_cat":"none","_seopress_titles_title":"","_seopress_titles_desc":"","_seopress_robots_index":""},"product_brand":[],"product_cat":[250,1901],"product_tag":[],"class_list":{"0":"post-8174","1":"product","2":"type-product","3":"status-publish","4":"has-post-thumbnail","6":"product_cat-heritage-fr","7":"product_cat-heritage-models-fr","9":"first","10":"unavailable","11":"shipping-taxable","12":"purchasable","13":"product-type-simple"},"acf":[],"_links":{"self":[{"href":"https:\/\/h-moser.com\/fr\/wp-json\/wp\/v2\/product\/8174","targetHints":{"allow":["GET"]}}],"collection":[{"href":"https:\/\/h-moser.com\/fr\/wp-json\/wp\/v2\/product"}],"about":[{"href":"https:\/\/h-moser.com\/fr\/wp-json\/wp\/v2\/types\/product"}],"wp:featuredmedia":[{"embeddable":true,"href":"https:\/\/h-moser.com\/fr\/wp-json\/wp\/v2\/media\/8294"}],"wp:attachment":[{"href":"https:\/\/h-moser.com\/fr\/wp-json\/wp\/v2\/media?parent=8174"}],"wp:term":[{"taxonomy":"product_brand","embeddable":true,"href":"https:\/\/h-moser.com\/fr\/wp-json\/wp\/v2\/product_brand?post=8174"},{"taxonomy":"product_cat","embeddable":true,"href":"https:\/\/h-moser.com\/fr\/wp-json\/wp\/v2\/product_cat?post=8174"},{"taxonomy":"product_tag","embeddable":true,"href":"https:\/\/h-moser.com\/fr\/wp-json\/wp\/v2\/product_tag?post=8174"}],"curies":[{"name":"wp","href":"https:\/\/api.w.org\/{rel}","templated":true}]}}