{"id":8178,"date":"2020-08-07T18:35:04","date_gmt":"2020-08-28T10:18:17","guid":{"rendered":"https:\/\/dev.cosavostra.com\/hmoser\/product\/heritage-tourbillon\/"},"modified":"2024-03-26T17:10:34","modified_gmt":"2024-03-26T16:10:34","slug":"heritage-tourbillon","status":"publish","type":"product","link":"https:\/\/h-moser.com\/fr\/produit\/heritage-tourbillon\/","title":{"rendered":"Heritage Tourbillon"},"content":{"rendered":"<p><span style=\"font-weight: 400;\">R\u00e9v\u00e9lant son c\u0153ur palpitant \u00e0 travers un guichet situ\u00e9 au bas du cadran, l&rsquo;Heritage Tourbillon en <\/span><span style=\"font-weight: 400;\">acier avec un cadran Funky Blue fum\u00e9<\/span><span style=\"font-weight: 400;\"> s&rsquo;inspire du pass\u00e9 en y glissant des touches modernes. Chaque mouvement et chaque rotation du tourbillon vient souligner l&rsquo;importance du facteur humain, qui est le c\u0153ur de l&rsquo;horlogerie depuis des si\u00e8cles.\u00a0<\/span><\/p>\n","protected":false},"excerpt":{"rendered":"<p>R\u00e9v\u00e9lant son c\u0153ur palpitant \u00e0 travers un guichet situ\u00e9 au bas du cadran, l&rsquo;Heritage Tourbillon en acier avec un cadran Funky Blue fum\u00e9 s&rsquo;inspire du pass\u00e9 en y glissant des touches modernes. Chaque mouvement et chaque rotation du tourbillon vient souligner l&rsquo;importance du facteur humain, qui est le c\u0153ur de l&rsquo;horlogerie depuis des si\u00e8cles.\u00a0<\/p>\n","protected":false},"featured_media":8343,"template":"","meta":{"_acf_changed":false,"_seopress_robots_primary_cat":"none","_seopress_titles_title":"","_seopress_titles_desc":"","_seopress_robots_index":""},"product_brand":[],"product_cat":[250,267],"product_tag":[],"class_list":{"0":"post-8178","1":"product","2":"type-product","3":"status-publish","4":"has-post-thumbnail","6":"product_cat-heritage-fr","7":"product_cat-tourbillon-3-fr","9":"first","10":"unavailable","11":"shipping-taxable","12":"purchasable","13":"product-type-simple"},"acf":[],"_links":{"self":[{"href":"https:\/\/h-moser.com\/fr\/wp-json\/wp\/v2\/product\/8178","targetHints":{"allow":["GET"]}}],"collection":[{"href":"https:\/\/h-moser.com\/fr\/wp-json\/wp\/v2\/product"}],"about":[{"href":"https:\/\/h-moser.com\/fr\/wp-json\/wp\/v2\/types\/product"}],"wp:featuredmedia":[{"embeddable":true,"href":"https:\/\/h-moser.com\/fr\/wp-json\/wp\/v2\/media\/8343"}],"wp:attachment":[{"href":"https:\/\/h-moser.com\/fr\/wp-json\/wp\/v2\/media?parent=8178"}],"wp:term":[{"taxonomy":"product_brand","embeddable":true,"href":"https:\/\/h-moser.com\/fr\/wp-json\/wp\/v2\/product_brand?post=8178"},{"taxonomy":"product_cat","embeddable":true,"href":"https:\/\/h-moser.com\/fr\/wp-json\/wp\/v2\/product_cat?post=8178"},{"taxonomy":"product_tag","embeddable":true,"href":"https:\/\/h-moser.com\/fr\/wp-json\/wp\/v2\/product_tag?post=8178"}],"curies":[{"name":"wp","href":"https:\/\/api.w.org\/{rel}","templated":true}]}}