{"id":8186,"date":"2020-08-10T13:46:27","date_gmt":"2020-08-28T10:48:45","guid":{"rendered":"https:\/\/dev.cosavostra.com\/hmoser\/product\/pioneer-centre-seconds-3\/"},"modified":"2021-04-06T09:24:47","modified_gmt":"2021-04-06T07:24:47","slug":"3200-1202","status":"publish","type":"product","link":"https:\/\/h-moser.com\/fr\/produit\/3200-1202\/","title":{"rendered":"Pioneer Centre Seconds"},"content":{"rendered":"<p>La Pioneer Centre Seconds en acier avec un cadran Cosmic Green fum\u00e9 est la compagne id\u00e9ale de tous les aventuriers. Son bo\u00eetier \u00e0 toute \u00e9preuve permet \u00e0 cette v\u00e9ritable force de la nature d&rsquo;affronter les plus hauts sommets comme les profondeurs les plus insondables. Une montre \u00e0 porter en toute occasion.<\/p>\n","protected":false},"excerpt":{"rendered":"<p>La Pioneer Centre Seconds en acier avec un cadran Cosmic Green fum\u00e9 est la compagne id\u00e9ale de tous les aventuriers. Son bo\u00eetier \u00e0 toute \u00e9preuve permet \u00e0 cette v\u00e9ritable force de la nature d&rsquo;affronter les plus hauts sommets comme les profondeurs les plus insondables. Une montre \u00e0 porter en toute occasion.<\/p>\n","protected":false},"featured_media":8462,"template":"","meta":{"_acf_changed":false,"_seopress_robots_primary_cat":"none","_seopress_titles_title":"","_seopress_titles_desc":"","_seopress_robots_index":""},"product_brand":[],"product_cat":[273,1889],"product_tag":[],"class_list":{"0":"post-8186","1":"product","2":"type-product","3":"status-publish","4":"has-post-thumbnail","6":"product_cat-pioneer-fr","7":"product_cat-pioneer-models-fr","9":"first","10":"unavailable","11":"shipping-taxable","12":"purchasable","13":"product-type-simple"},"acf":[],"_links":{"self":[{"href":"https:\/\/h-moser.com\/fr\/wp-json\/wp\/v2\/product\/8186","targetHints":{"allow":["GET"]}}],"collection":[{"href":"https:\/\/h-moser.com\/fr\/wp-json\/wp\/v2\/product"}],"about":[{"href":"https:\/\/h-moser.com\/fr\/wp-json\/wp\/v2\/types\/product"}],"wp:featuredmedia":[{"embeddable":true,"href":"https:\/\/h-moser.com\/fr\/wp-json\/wp\/v2\/media\/8462"}],"wp:attachment":[{"href":"https:\/\/h-moser.com\/fr\/wp-json\/wp\/v2\/media?parent=8186"}],"wp:term":[{"taxonomy":"product_brand","embeddable":true,"href":"https:\/\/h-moser.com\/fr\/wp-json\/wp\/v2\/product_brand?post=8186"},{"taxonomy":"product_cat","embeddable":true,"href":"https:\/\/h-moser.com\/fr\/wp-json\/wp\/v2\/product_cat?post=8186"},{"taxonomy":"product_tag","embeddable":true,"href":"https:\/\/h-moser.com\/fr\/wp-json\/wp\/v2\/product_tag?post=8186"}],"curies":[{"name":"wp","href":"https:\/\/api.w.org\/{rel}","templated":true}]}}