{"id":8198,"date":"2020-08-10T14:09:10","date_gmt":"2020-08-28T11:26:07","guid":{"rendered":"https:\/\/dev.cosavostra.com\/hmoser\/product\/pioneer-perpetual-calendar-2\/"},"modified":"2024-03-21T11:31:07","modified_gmt":"2024-03-21T10:31:07","slug":"pioneer-perpetual-calendar-2","status":"publish","type":"product","link":"https:\/\/h-moser.com\/fr\/produit\/pioneer-perpetual-calendar-2\/","title":{"rendered":"Pioneer Perpetual Calendar"},"content":{"rendered":"<p>Le Pioneer Perpetual Calendar en or rouge et titane trait\u00e9 DLC avec un cadran Ardoise fum\u00e9 combine un mouvement de calendrier perp\u00e9tuel prim\u00e9, \u00e0 la fois intuitif et ing\u00e9nieux, au bo\u00eetier le plus polyvalent qui soit. Une montre taill\u00e9e pour l&rsquo;action, dont la date peut \u00eatre r\u00e9gl\u00e9e \u00e0 n&rsquo;importe quel moment sans crainte d&rsquo;ab\u00eemer le mouvement.<\/p>\n","protected":false},"excerpt":{"rendered":"<p>Le Pioneer Perpetual Calendar en or rouge et titane trait\u00e9 DLC avec un cadran Ardoise fum\u00e9 combine un mouvement de calendrier perp\u00e9tuel prim\u00e9, \u00e0 la fois intuitif et ing\u00e9nieux, au bo\u00eetier le plus polyvalent qui soit. Une montre taill\u00e9e pour l&rsquo;action, dont la date peut \u00eatre r\u00e9gl\u00e9e \u00e0 n&rsquo;importe quel moment sans crainte d&rsquo;ab\u00eemer le &hellip; <a href=\"https:\/\/h-moser.com\/fr\/produit\/pioneer-perpetual-calendar-2\/\">Continued<\/a><\/p>\n","protected":false},"featured_media":8560,"template":"","meta":{"_acf_changed":false,"_seopress_robots_primary_cat":"none","_seopress_titles_title":"","_seopress_titles_desc":"","_seopress_robots_index":""},"product_brand":[],"product_cat":[273,1889],"product_tag":[],"class_list":{"0":"post-8198","1":"product","2":"type-product","3":"status-publish","4":"has-post-thumbnail","6":"product_cat-pioneer-fr","7":"product_cat-pioneer-models-fr","9":"first","10":"unavailable","11":"shipping-taxable","12":"purchasable","13":"product-type-simple"},"acf":[],"_links":{"self":[{"href":"https:\/\/h-moser.com\/fr\/wp-json\/wp\/v2\/product\/8198","targetHints":{"allow":["GET"]}}],"collection":[{"href":"https:\/\/h-moser.com\/fr\/wp-json\/wp\/v2\/product"}],"about":[{"href":"https:\/\/h-moser.com\/fr\/wp-json\/wp\/v2\/types\/product"}],"wp:featuredmedia":[{"embeddable":true,"href":"https:\/\/h-moser.com\/fr\/wp-json\/wp\/v2\/media\/8560"}],"wp:attachment":[{"href":"https:\/\/h-moser.com\/fr\/wp-json\/wp\/v2\/media?parent=8198"}],"wp:term":[{"taxonomy":"product_brand","embeddable":true,"href":"https:\/\/h-moser.com\/fr\/wp-json\/wp\/v2\/product_brand?post=8198"},{"taxonomy":"product_cat","embeddable":true,"href":"https:\/\/h-moser.com\/fr\/wp-json\/wp\/v2\/product_cat?post=8198"},{"taxonomy":"product_tag","embeddable":true,"href":"https:\/\/h-moser.com\/fr\/wp-json\/wp\/v2\/product_tag?post=8198"}],"curies":[{"name":"wp","href":"https:\/\/api.w.org\/{rel}","templated":true}]}}