{"id":8206,"date":"2020-08-10T15:12:35","date_gmt":"2020-08-28T11:47:27","guid":{"rendered":"https:\/\/dev.cosavostra.com\/hmoser\/product\/pioneer-perpetual-calendar-md\/"},"modified":"2024-03-21T11:31:12","modified_gmt":"2024-03-21T10:31:12","slug":"pioneer-perpetual-calendar-md-2","status":"publish","type":"product","link":"https:\/\/h-moser.com\/fr\/produit\/pioneer-perpetual-calendar-md-2\/","title":{"rendered":"Pioneer Perpetual Calendar MD"},"content":{"rendered":"<p>Le Pioneer Perpetual Calendar MD en acier avec un cadran Burgundy fum\u00e9 est d&rsquo;une conception aussi ing\u00e9nieuse que la lecture et le r\u00e9glage de sa date sont ais\u00e9s. La MD, qui signifie \u00ab\u00a0Month and Date\u00a0\u00bb, est le fruit de l&rsquo;union entre le mouvement unique et prim\u00e9 de calendrier perp\u00e9tuel cr\u00e9\u00e9 par H. Moser &amp; Cie. et la tr\u00e8s polyvalente Pioneer. Ce mod\u00e8le a \u00e9t\u00e9 baptis\u00e9 ainsi car il affiche la date et le mois par le biais de deux guichets adjacents situ\u00e9s sur la droite du cadran fum\u00e9.<\/p>\n","protected":false},"excerpt":{"rendered":"<p>Le Pioneer Perpetual Calendar MD en acier avec un cadran Burgundy fum\u00e9 est d&rsquo;une conception aussi ing\u00e9nieuse que la lecture et le r\u00e9glage de sa date sont ais\u00e9s. La MD, qui signifie \u00ab\u00a0Month and Date\u00a0\u00bb, est le fruit de l&rsquo;union entre le mouvement unique et prim\u00e9 de calendrier perp\u00e9tuel cr\u00e9\u00e9 par H. Moser &amp; Cie. &hellip; <a href=\"https:\/\/h-moser.com\/fr\/produit\/pioneer-perpetual-calendar-md-2\/\">Continued<\/a><\/p>\n","protected":false},"featured_media":8749,"template":"","meta":{"_acf_changed":false,"_seopress_robots_primary_cat":"none","_seopress_titles_title":"","_seopress_titles_desc":"","_seopress_robots_index":""},"product_brand":[],"product_cat":[1889],"product_tag":[],"class_list":{"0":"post-8206","1":"product","2":"type-product","3":"status-publish","4":"has-post-thumbnail","6":"product_cat-pioneer-models-fr","8":"first","9":"unavailable","10":"shipping-taxable","11":"purchasable","12":"product-type-simple"},"acf":[],"_links":{"self":[{"href":"https:\/\/h-moser.com\/fr\/wp-json\/wp\/v2\/product\/8206","targetHints":{"allow":["GET"]}}],"collection":[{"href":"https:\/\/h-moser.com\/fr\/wp-json\/wp\/v2\/product"}],"about":[{"href":"https:\/\/h-moser.com\/fr\/wp-json\/wp\/v2\/types\/product"}],"wp:featuredmedia":[{"embeddable":true,"href":"https:\/\/h-moser.com\/fr\/wp-json\/wp\/v2\/media\/8749"}],"wp:attachment":[{"href":"https:\/\/h-moser.com\/fr\/wp-json\/wp\/v2\/media?parent=8206"}],"wp:term":[{"taxonomy":"product_brand","embeddable":true,"href":"https:\/\/h-moser.com\/fr\/wp-json\/wp\/v2\/product_brand?post=8206"},{"taxonomy":"product_cat","embeddable":true,"href":"https:\/\/h-moser.com\/fr\/wp-json\/wp\/v2\/product_cat?post=8206"},{"taxonomy":"product_tag","embeddable":true,"href":"https:\/\/h-moser.com\/fr\/wp-json\/wp\/v2\/product_tag?post=8206"}],"curies":[{"name":"wp","href":"https:\/\/api.w.org\/{rel}","templated":true}]}}