{"id":83303,"date":"2024-02-05T14:30:14","date_gmt":"2024-02-05T13:30:14","guid":{"rendered":"https:\/\/h-moser.com\/product\/streamlinier-tourbillon-6804-0406\/"},"modified":"2024-07-02T16:43:16","modified_gmt":"2024-07-02T14:43:16","slug":"streamliner-tourbillon-6804-0406","status":"publish","type":"product","link":"https:\/\/h-moser.com\/fr\/produit\/streamliner-tourbillon-6804-0406\/","title":{"rendered":"Streamliner Tourbillon"},"content":{"rendered":"<p>Le Streamliner Tourbillon en or rouge adopte un style min\u00e9ral. Le cadran est r\u00e9alis\u00e9 dans une pierre de jade extr\u00eamement rare, le jade vert du Wyoming. Non trait\u00e9, le jade du Wyoming se distingue par sa remarquable puret\u00e9 et sa teinte olive intense. Portant en lui les marques subtiles et les nuances uniques de la nature, le jade est fa\u00e7onn\u00e9 avec un respect m\u00e9ticuleux de sa structure originelle, d\u2019une qualit\u00e9 exceptionnelle, qui se r\u00e9v\u00e8le dans sa structure homog\u00e8ne, \u00e0 la puret\u00e9 quasiment immacul\u00e9e. Exempt de tout logo, le cadran s\u2019ouvre sur le tourbillon volant \u00e0 double spiral qui tr\u00f4ne majestueusement \u00e0 6 heures.<\/p>\n","protected":false},"excerpt":{"rendered":"<p>Le Streamliner Tourbillon en or rouge adopte un style min\u00e9ral. Le cadran est r\u00e9alis\u00e9 dans une pierre de jade extr\u00eamement rare, le jade vert du Wyoming. Non trait\u00e9, le jade du Wyoming se distingue par sa remarquable puret\u00e9 et sa teinte olive intense. Portant en lui les marques subtiles et les nuances uniques de la &hellip; <a href=\"https:\/\/h-moser.com\/fr\/produit\/streamliner-tourbillon-6804-0406\/\">Continued<\/a><\/p>\n","protected":false},"featured_media":82195,"template":"","meta":{"_acf_changed":false,"_seopress_robots_primary_cat":"none","_seopress_titles_title":"","_seopress_titles_desc":"","_seopress_robots_index":""},"product_brand":[],"product_cat":[99,1680],"product_tag":[],"class_list":{"0":"post-83303","1":"product","2":"type-product","3":"status-publish","4":"has-post-thumbnail","6":"product_cat-streamliner-fr","7":"product_cat-tourbillon-fr-2","9":"first","10":"instock","11":"shipping-taxable","12":"purchasable","13":"product-type-simple"},"acf":[],"_links":{"self":[{"href":"https:\/\/h-moser.com\/fr\/wp-json\/wp\/v2\/product\/83303","targetHints":{"allow":["GET"]}}],"collection":[{"href":"https:\/\/h-moser.com\/fr\/wp-json\/wp\/v2\/product"}],"about":[{"href":"https:\/\/h-moser.com\/fr\/wp-json\/wp\/v2\/types\/product"}],"wp:featuredmedia":[{"embeddable":true,"href":"https:\/\/h-moser.com\/fr\/wp-json\/wp\/v2\/media\/82195"}],"wp:attachment":[{"href":"https:\/\/h-moser.com\/fr\/wp-json\/wp\/v2\/media?parent=83303"}],"wp:term":[{"taxonomy":"product_brand","embeddable":true,"href":"https:\/\/h-moser.com\/fr\/wp-json\/wp\/v2\/product_brand?post=83303"},{"taxonomy":"product_cat","embeddable":true,"href":"https:\/\/h-moser.com\/fr\/wp-json\/wp\/v2\/product_cat?post=83303"},{"taxonomy":"product_tag","embeddable":true,"href":"https:\/\/h-moser.com\/fr\/wp-json\/wp\/v2\/product_tag?post=83303"}],"curies":[{"name":"wp","href":"https:\/\/api.w.org\/{rel}","templated":true}]}}