{"id":83307,"date":"2024-02-27T13:41:30","date_gmt":"2024-02-27T12:41:30","guid":{"rendered":"https:\/\/h-moser.com\/product\/streamliner-perpetual-calendar-6812-1201\/"},"modified":"2024-03-26T16:18:08","modified_gmt":"2024-03-26T15:18:08","slug":"streamliner-perpetual-calendar-6812-1201","status":"publish","type":"product","link":"https:\/\/h-moser.com\/fr\/produit\/streamliner-perpetual-calendar-6812-1201\/","title":{"rendered":"Streamliner Perpetual Calendar"},"content":{"rendered":"<p>Disponible pendant une ann\u00e9e seulement, le Streamliner Perpetual Calendar Concept Smoked Salmon associe la c\u00e9l\u00e8bre montre-bracelet en acier de H.\u00a0Moser\u00a0&amp;\u00a0Cie. \u00e0 un calendrier perp\u00e9tuel des plus minimalistes, \u00e9quip\u00e9 d\u2019une fonction de changement de date instantan\u00e9. \u00c9pur\u00e9 \u00e0 l\u2019extr\u00eame, le cadran fum\u00e9 Smoked Salmon arbore une finition griff\u00e9e bross\u00e9e verticale et ne comporte ni logo ni index.<\/p>\n","protected":false},"excerpt":{"rendered":"<p>Disponible pendant une ann\u00e9e seulement, le Streamliner Perpetual Calendar Concept Smoked Salmon associe la c\u00e9l\u00e8bre montre-bracelet en acier de H.\u00a0Moser\u00a0&amp;\u00a0Cie. \u00e0 un calendrier perp\u00e9tuel des plus minimalistes, \u00e9quip\u00e9 d\u2019une fonction de changement de date instantan\u00e9. \u00c9pur\u00e9 \u00e0 l\u2019extr\u00eame, le cadran fum\u00e9 Smoked Salmon arbore une finition griff\u00e9e bross\u00e9e verticale et ne comporte ni logo ni &hellip; <a href=\"https:\/\/h-moser.com\/fr\/produit\/streamliner-perpetual-calendar-6812-1201\/\">Continued<\/a><\/p>\n","protected":false},"featured_media":82899,"template":"","meta":{"_acf_changed":false,"_seopress_robots_primary_cat":"none","_seopress_titles_title":"","_seopress_titles_desc":"","_seopress_robots_index":""},"product_brand":[],"product_cat":[1368,99],"product_tag":[],"class_list":{"0":"post-83307","1":"product","2":"type-product","3":"status-publish","4":"has-post-thumbnail","6":"product_cat-perpetual-calendar-4-fr","7":"product_cat-streamliner-fr","9":"first","10":"instock","11":"shipping-taxable","12":"purchasable","13":"product-type-simple"},"acf":[],"_links":{"self":[{"href":"https:\/\/h-moser.com\/fr\/wp-json\/wp\/v2\/product\/83307","targetHints":{"allow":["GET"]}}],"collection":[{"href":"https:\/\/h-moser.com\/fr\/wp-json\/wp\/v2\/product"}],"about":[{"href":"https:\/\/h-moser.com\/fr\/wp-json\/wp\/v2\/types\/product"}],"wp:featuredmedia":[{"embeddable":true,"href":"https:\/\/h-moser.com\/fr\/wp-json\/wp\/v2\/media\/82899"}],"wp:attachment":[{"href":"https:\/\/h-moser.com\/fr\/wp-json\/wp\/v2\/media?parent=83307"}],"wp:term":[{"taxonomy":"product_brand","embeddable":true,"href":"https:\/\/h-moser.com\/fr\/wp-json\/wp\/v2\/product_brand?post=83307"},{"taxonomy":"product_cat","embeddable":true,"href":"https:\/\/h-moser.com\/fr\/wp-json\/wp\/v2\/product_cat?post=83307"},{"taxonomy":"product_tag","embeddable":true,"href":"https:\/\/h-moser.com\/fr\/wp-json\/wp\/v2\/product_tag?post=83307"}],"curies":[{"name":"wp","href":"https:\/\/api.w.org\/{rel}","templated":true}]}}