{"id":84019,"date":"2024-04-04T08:39:55","date_gmt":"2024-04-04T08:25:26","guid":{"rendered":"https:\/\/h-moser.com\/?post_type=product&#038;p=84019"},"modified":"2025-03-07T11:18:44","modified_gmt":"2025-03-07T10:18:44","slug":"pioneer-centre-seconds-3201-1204","status":"publish","type":"product","link":"https:\/\/h-moser.com\/fr\/produit\/pioneer-centre-seconds-3201-1204\/","title":{"rendered":"Pioneer Centre Seconds Concept Citrus Green"},"content":{"rendered":"<ol>\n<li>Moser\u00a0&amp;\u00a0Cie. offre un look \u00e9lectrique \u00e0 sa montre automatique tout-terrain, qui m\u00eale sportivit\u00e9 et \u00e9l\u00e9gance. La Pioneer Centre Seconds Concept Citrus Green est en outre la toute premi\u00e8re Pioneer dot\u00e9e d\u2019un cadran Concept, sans index ni logo. Couleur in\u00e9dite, le Citrus Green fum\u00e9 r\u00e9v\u00e8le un \u00e9ventail chaleureux de nuances vert citron qui conf\u00e8re \u00e0 ce garde-temps automatique robuste un caract\u00e8re audacieux qui ne manquera pas de faire tourner les t\u00eates.<\/li>\n<\/ol>\n","protected":false},"excerpt":{"rendered":"<p>Moser\u00a0&amp;\u00a0Cie. offre un look \u00e9lectrique \u00e0 sa montre automatique tout-terrain, qui m\u00eale sportivit\u00e9 et \u00e9l\u00e9gance. La Pioneer Centre Seconds Concept Citrus Green est en outre la toute premi\u00e8re Pioneer dot\u00e9e d\u2019un cadran Concept, sans index ni logo. Couleur in\u00e9dite, le Citrus Green fum\u00e9 r\u00e9v\u00e8le un \u00e9ventail chaleureux de nuances vert citron qui conf\u00e8re \u00e0 ce &hellip; <a href=\"https:\/\/h-moser.com\/fr\/produit\/pioneer-centre-seconds-3201-1204\/\">Continued<\/a><\/p>\n","protected":false},"featured_media":102610,"template":"","meta":{"_acf_changed":false,"_seopress_robots_primary_cat":"none","_seopress_titles_title":"","_seopress_titles_desc":"","_seopress_robots_index":""},"product_brand":[],"product_cat":[278,273],"product_tag":[],"class_list":{"0":"post-84019","1":"product","2":"type-product","3":"status-publish","4":"has-post-thumbnail","6":"product_cat-centre-seconds-2-fr","7":"product_cat-pioneer-fr","9":"first","10":"instock","11":"shipping-taxable","12":"purchasable","13":"product-type-simple"},"acf":[],"_links":{"self":[{"href":"https:\/\/h-moser.com\/fr\/wp-json\/wp\/v2\/product\/84019","targetHints":{"allow":["GET"]}}],"collection":[{"href":"https:\/\/h-moser.com\/fr\/wp-json\/wp\/v2\/product"}],"about":[{"href":"https:\/\/h-moser.com\/fr\/wp-json\/wp\/v2\/types\/product"}],"wp:featuredmedia":[{"embeddable":true,"href":"https:\/\/h-moser.com\/fr\/wp-json\/wp\/v2\/media\/102610"}],"wp:attachment":[{"href":"https:\/\/h-moser.com\/fr\/wp-json\/wp\/v2\/media?parent=84019"}],"wp:term":[{"taxonomy":"product_brand","embeddable":true,"href":"https:\/\/h-moser.com\/fr\/wp-json\/wp\/v2\/product_brand?post=84019"},{"taxonomy":"product_cat","embeddable":true,"href":"https:\/\/h-moser.com\/fr\/wp-json\/wp\/v2\/product_cat?post=84019"},{"taxonomy":"product_tag","embeddable":true,"href":"https:\/\/h-moser.com\/fr\/wp-json\/wp\/v2\/product_tag?post=84019"}],"curies":[{"name":"wp","href":"https:\/\/api.w.org\/{rel}","templated":true}]}}