{"id":84027,"date":"2024-04-04T08:24:06","date_gmt":"2024-04-04T08:38:46","guid":{"rendered":"https:\/\/h-moser.com\/?post_type=product&#038;p=84027"},"modified":"2024-05-17T14:08:05","modified_gmt":"2024-05-17T12:08:05","slug":"pioneer-centre-seconds-3201-1201","status":"publish","type":"product","link":"https:\/\/h-moser.com\/fr\/produit\/pioneer-centre-seconds-3201-1201\/","title":{"rendered":"Pioneer Centre Seconds Cosmic Green"},"content":{"rendered":"<p>H.\u00a0Moser\u00a0&amp;\u00a0Cie. d\u00e9cline sa montre automatique tout-terrain, \u00e0 la fois chic et sportive, dans un bo\u00eetier de 40\u00a0mm et signe le retour du cadran Cosmic Green fum\u00e9 si convoit\u00e9. Fid\u00e8le \u00e0 l\u2019esprit robuste de son imposant pr\u00e9d\u00e9cesseur, la Pioneer Centre Seconds Cosmic Green associe des dimensions plus compactes \u00e0 un mouvement manufacture \u00e0 remontage automatique avec des nuances contemporaines plus sombres et une architecture plus ouverte.<\/p>\n","protected":false},"excerpt":{"rendered":"<p>H.\u00a0Moser\u00a0&amp;\u00a0Cie. d\u00e9cline sa montre automatique tout-terrain, \u00e0 la fois chic et sportive, dans un bo\u00eetier de 40\u00a0mm et signe le retour du cadran Cosmic Green fum\u00e9 si convoit\u00e9. Fid\u00e8le \u00e0 l\u2019esprit robuste de son imposant pr\u00e9d\u00e9cesseur, la Pioneer Centre Seconds Cosmic Green associe des dimensions plus compactes \u00e0 un mouvement manufacture \u00e0 remontage automatique avec &hellip; <a href=\"https:\/\/h-moser.com\/fr\/produit\/pioneer-centre-seconds-3201-1201\/\">Continued<\/a><\/p>\n","protected":false},"featured_media":84810,"template":"","meta":{"_acf_changed":false,"_seopress_robots_primary_cat":"none","_seopress_titles_title":"","_seopress_titles_desc":"","_seopress_robots_index":""},"product_brand":[],"product_cat":[278,273],"product_tag":[],"class_list":{"0":"post-84027","1":"product","2":"type-product","3":"status-publish","4":"has-post-thumbnail","6":"product_cat-centre-seconds-2-fr","7":"product_cat-pioneer-fr","9":"first","10":"instock","11":"shipping-taxable","12":"purchasable","13":"product-type-simple"},"acf":[],"_links":{"self":[{"href":"https:\/\/h-moser.com\/fr\/wp-json\/wp\/v2\/product\/84027","targetHints":{"allow":["GET"]}}],"collection":[{"href":"https:\/\/h-moser.com\/fr\/wp-json\/wp\/v2\/product"}],"about":[{"href":"https:\/\/h-moser.com\/fr\/wp-json\/wp\/v2\/types\/product"}],"wp:featuredmedia":[{"embeddable":true,"href":"https:\/\/h-moser.com\/fr\/wp-json\/wp\/v2\/media\/84810"}],"wp:attachment":[{"href":"https:\/\/h-moser.com\/fr\/wp-json\/wp\/v2\/media?parent=84027"}],"wp:term":[{"taxonomy":"product_brand","embeddable":true,"href":"https:\/\/h-moser.com\/fr\/wp-json\/wp\/v2\/product_brand?post=84027"},{"taxonomy":"product_cat","embeddable":true,"href":"https:\/\/h-moser.com\/fr\/wp-json\/wp\/v2\/product_cat?post=84027"},{"taxonomy":"product_tag","embeddable":true,"href":"https:\/\/h-moser.com\/fr\/wp-json\/wp\/v2\/product_tag?post=84027"}],"curies":[{"name":"wp","href":"https:\/\/api.w.org\/{rel}","templated":true}]}}