{"id":84760,"date":"2024-04-08T08:19:12","date_gmt":"2024-04-08T06:24:58","guid":{"rendered":"https:\/\/h-moser.com\/?post_type=product&#038;p=84760"},"modified":"2024-05-06T11:52:16","modified_gmt":"2024-05-06T09:52:16","slug":"streamliner-tourbillon-6814-1200","status":"publish","type":"product","link":"https:\/\/h-moser.com\/fr\/produit\/streamliner-tourbillon-6814-1200\/","title":{"rendered":"Streamliner Tourbillon Skeleton"},"content":{"rendered":"<p>Fid\u00e8le \u00e0 l\u2019esprit minimaliste qui la caract\u00e9rise, H.\u00a0Moser\u00a0&amp;\u00a0Cie. a d\u00e9pouill\u00e9 son mouvement \u00e0 tourbillon volant de toute mati\u00e8re superflue pour offrir une exp\u00e9rience visuelle et m\u00e9canique in\u00e9gal\u00e9e. Log\u00e9e dans un bo\u00eetier Streamliner en acier de 40\u00a0mm de diam\u00e8tre avec bracelet int\u00e9gr\u00e9, le Streamliner Tourbillon Skeleton est une v\u00e9ritable prouesse qui rivalise de cr\u00e9ativit\u00e9 et d\u2019ing\u00e9niosit\u00e9.<\/p>\n","protected":false},"excerpt":{"rendered":"<p>Fid\u00e8le \u00e0 l\u2019esprit minimaliste qui la caract\u00e9rise, H.\u00a0Moser\u00a0&amp;\u00a0Cie. a d\u00e9pouill\u00e9 son mouvement \u00e0 tourbillon volant de toute mati\u00e8re superflue pour offrir une exp\u00e9rience visuelle et m\u00e9canique in\u00e9gal\u00e9e. Log\u00e9e dans un bo\u00eetier Streamliner en acier de 40\u00a0mm de diam\u00e8tre avec bracelet int\u00e9gr\u00e9, le Streamliner Tourbillon Skeleton est une v\u00e9ritable prouesse qui rivalise de cr\u00e9ativit\u00e9 et d\u2019ing\u00e9niosit\u00e9.<\/p>\n","protected":false},"featured_media":84721,"template":"","meta":{"_acf_changed":false,"_seopress_robots_primary_cat":"none","_seopress_titles_title":"","_seopress_titles_desc":"","_seopress_robots_index":""},"product_brand":[],"product_cat":[99,1680],"product_tag":[],"class_list":{"0":"post-84760","1":"product","2":"type-product","3":"status-publish","4":"has-post-thumbnail","6":"product_cat-streamliner-fr","7":"product_cat-tourbillon-fr-2","9":"first","10":"instock","11":"shipping-taxable","12":"purchasable","13":"product-type-simple"},"acf":[],"_links":{"self":[{"href":"https:\/\/h-moser.com\/fr\/wp-json\/wp\/v2\/product\/84760","targetHints":{"allow":["GET"]}}],"collection":[{"href":"https:\/\/h-moser.com\/fr\/wp-json\/wp\/v2\/product"}],"about":[{"href":"https:\/\/h-moser.com\/fr\/wp-json\/wp\/v2\/types\/product"}],"wp:featuredmedia":[{"embeddable":true,"href":"https:\/\/h-moser.com\/fr\/wp-json\/wp\/v2\/media\/84721"}],"wp:attachment":[{"href":"https:\/\/h-moser.com\/fr\/wp-json\/wp\/v2\/media?parent=84760"}],"wp:term":[{"taxonomy":"product_brand","embeddable":true,"href":"https:\/\/h-moser.com\/fr\/wp-json\/wp\/v2\/product_brand?post=84760"},{"taxonomy":"product_cat","embeddable":true,"href":"https:\/\/h-moser.com\/fr\/wp-json\/wp\/v2\/product_cat?post=84760"},{"taxonomy":"product_tag","embeddable":true,"href":"https:\/\/h-moser.com\/fr\/wp-json\/wp\/v2\/product_tag?post=84760"}],"curies":[{"name":"wp","href":"https:\/\/api.w.org\/{rel}","templated":true}]}}