{"id":87307,"date":"2024-04-18T13:15:04","date_gmt":"2024-04-18T11:20:15","guid":{"rendered":"https:\/\/h-moser.com\/?post_type=product&#038;p=87307"},"modified":"2025-09-08T14:44:17","modified_gmt":"2025-09-08T12:44:17","slug":"streamliner-cylindrical-tourbillon-skeleton-6811-1200","status":"publish","type":"product","link":"https:\/\/h-moser.com\/fr\/produit\/streamliner-cylindrical-tourbillon-skeleton-6811-1200\/","title":{"rendered":"Streamliner Alpine Limited Edition"},"content":{"rendered":"<p>La premi\u00e8re cr\u00e9ation n\u00e9e de la collaboration de H. Moser &amp; Cie. avec Alpine Motorsports. Le Streamliner Cylindrical Tourbillon Skeleton Alpine Limited Edition s\u2019aligne sur les pr\u00e9f\u00e9rences esth\u00e9tiques des pilotes de F1 et de l\u2019\u00e9quipe d\u2019endurance de l\u2019\u00e9curie : une touche de couleur est introduite par un petit cadran bomb\u00e9 en spinelle synth\u00e9tique couleur bleu flamboyant et un bracelet en caoutchouc assorti imitant la texture du textile. Un cadre dynamique parfait pour le mouvement automatique \u00e0 tourbillon cylindrique cisel\u00e9.<\/p>\n<p><span class=\"ui-provider a b c d e f g h i j k l m n o p q r s t u v w x y z ab ac ae af ag ah ai aj ak\" dir=\"ltr\">D\u00e9couvrir le partenariat entre <a href=\"https:\/\/h-moser.com\/fr\/alpine-motorsports-h-moser\/\">H. Moser &amp; Cie. et Alpine Morosports<\/a>.<\/span><\/p>\n","protected":false},"excerpt":{"rendered":"<p>La premi\u00e8re cr\u00e9ation n\u00e9e de la collaboration de H. Moser &amp; Cie. avec Alpine Motorsports. Le Streamliner Cylindrical Tourbillon Skeleton Alpine Limited Edition s\u2019aligne sur les pr\u00e9f\u00e9rences esth\u00e9tiques des pilotes de F1 et de l\u2019\u00e9quipe d\u2019endurance de l\u2019\u00e9curie : une touche de couleur est introduite par un petit cadran bomb\u00e9 en spinelle synth\u00e9tique couleur bleu &hellip; <a href=\"https:\/\/h-moser.com\/fr\/produit\/streamliner-cylindrical-tourbillon-skeleton-6811-1200\/\">Continued<\/a><\/p>\n","protected":false},"featured_media":87198,"template":"","meta":{"_acf_changed":false,"_seopress_robots_primary_cat":"none","_seopress_titles_title":"","_seopress_titles_desc":"","_seopress_robots_index":""},"product_brand":[],"product_cat":[68],"product_tag":[],"class_list":{"0":"post-87307","1":"product","2":"type-product","3":"status-publish","4":"has-post-thumbnail","6":"product_cat-non-classe-fr-2","8":"first","9":"instock","10":"shipping-taxable","11":"purchasable","12":"product-type-simple"},"acf":[],"_links":{"self":[{"href":"https:\/\/h-moser.com\/fr\/wp-json\/wp\/v2\/product\/87307","targetHints":{"allow":["GET"]}}],"collection":[{"href":"https:\/\/h-moser.com\/fr\/wp-json\/wp\/v2\/product"}],"about":[{"href":"https:\/\/h-moser.com\/fr\/wp-json\/wp\/v2\/types\/product"}],"wp:featuredmedia":[{"embeddable":true,"href":"https:\/\/h-moser.com\/fr\/wp-json\/wp\/v2\/media\/87198"}],"wp:attachment":[{"href":"https:\/\/h-moser.com\/fr\/wp-json\/wp\/v2\/media?parent=87307"}],"wp:term":[{"taxonomy":"product_brand","embeddable":true,"href":"https:\/\/h-moser.com\/fr\/wp-json\/wp\/v2\/product_brand?post=87307"},{"taxonomy":"product_cat","embeddable":true,"href":"https:\/\/h-moser.com\/fr\/wp-json\/wp\/v2\/product_cat?post=87307"},{"taxonomy":"product_tag","embeddable":true,"href":"https:\/\/h-moser.com\/fr\/wp-json\/wp\/v2\/product_tag?post=87307"}],"curies":[{"name":"wp","href":"https:\/\/api.w.org\/{rel}","templated":true}]}}