{"id":88250,"date":"2024-05-03T15:10:17","date_gmt":"2024-05-03T13:12:22","guid":{"rendered":"https:\/\/h-moser.com\/?post_type=product&#038;p=88250"},"modified":"2025-09-08T14:46:51","modified_gmt":"2025-09-08T12:46:51","slug":"streamliner-cylindrical-tourbillon-skeleton-6811-1202","status":"publish","type":"product","link":"https:\/\/h-moser.com\/fr\/produit\/streamliner-cylindrical-tourbillon-skeleton-6811-1202\/","title":{"rendered":"Streamliner Alpine Limited Edition Pink Livery"},"content":{"rendered":"<p>La seconde interpr\u00e9tation du <a href=\"https:\/\/h-moser.com\/fr\/alpine-motorsports-h-moser\/\">H. Moser &amp; Cie. X Alpine Motorsports<\/a> Streamliner Cylindrical Tourbillon Skeleton Alpine Limited Edition s\u2019impr\u00e8gne des pr\u00e9f\u00e9rences esth\u00e9tiques des pilotes de F1 et de l\u2019\u00e9quipe d\u2019endurance de l\u2019\u00e9curie en adoptant les couleurs signatures de leur livr\u00e9e rose. <span class=\"ui-provider iu np is bqj bqk bql bqm bqn bqo bqp bqq bqr bqs bqt bqu bqv bqw bqx bqy bqz bra brb brc brd bre brf brg brh bri brj brk brl brm brn bro\" dir=\"ltr\">R\u00e9alis\u00e9 en verre de corindon synth\u00e9tique rose fonc\u00e9, le petit cadran bomb\u00e9 surplombe le mouvement squelett\u00e9 \u00e0 remontage automatique \u00e9quip\u00e9 d&rsquo;un tourbillon et d&rsquo;un spiral cylindrique.<\/span> Limit\u00e9 \u00e0 20 exemplaires seulement, le garde-temps est mont\u00e9 sur un bracelet assorti en caoutchouc rose.<\/p>\n","protected":false},"excerpt":{"rendered":"<p>La seconde interpr\u00e9tation du H. Moser &amp; Cie. X Alpine Motorsports Streamliner Cylindrical Tourbillon Skeleton Alpine Limited Edition s\u2019impr\u00e8gne des pr\u00e9f\u00e9rences esth\u00e9tiques des pilotes de F1 et de l\u2019\u00e9quipe d\u2019endurance de l\u2019\u00e9curie en adoptant les couleurs signatures de leur livr\u00e9e rose. R\u00e9alis\u00e9 en verre de corindon synth\u00e9tique rose fonc\u00e9, le petit cadran bomb\u00e9 surplombe le &hellip; <a href=\"https:\/\/h-moser.com\/fr\/produit\/streamliner-cylindrical-tourbillon-skeleton-6811-1202\/\">Continued<\/a><\/p>\n","protected":false},"featured_media":88190,"template":"","meta":{"_acf_changed":false,"_seopress_robots_primary_cat":"none","_seopress_titles_title":"","_seopress_titles_desc":"","_seopress_robots_index":""},"product_brand":[],"product_cat":[68],"product_tag":[],"class_list":{"0":"post-88250","1":"product","2":"type-product","3":"status-publish","4":"has-post-thumbnail","6":"product_cat-non-classe-fr-2","8":"first","9":"instock","10":"shipping-taxable","11":"purchasable","12":"product-type-simple"},"acf":[],"_links":{"self":[{"href":"https:\/\/h-moser.com\/fr\/wp-json\/wp\/v2\/product\/88250","targetHints":{"allow":["GET"]}}],"collection":[{"href":"https:\/\/h-moser.com\/fr\/wp-json\/wp\/v2\/product"}],"about":[{"href":"https:\/\/h-moser.com\/fr\/wp-json\/wp\/v2\/types\/product"}],"wp:featuredmedia":[{"embeddable":true,"href":"https:\/\/h-moser.com\/fr\/wp-json\/wp\/v2\/media\/88190"}],"wp:attachment":[{"href":"https:\/\/h-moser.com\/fr\/wp-json\/wp\/v2\/media?parent=88250"}],"wp:term":[{"taxonomy":"product_brand","embeddable":true,"href":"https:\/\/h-moser.com\/fr\/wp-json\/wp\/v2\/product_brand?post=88250"},{"taxonomy":"product_cat","embeddable":true,"href":"https:\/\/h-moser.com\/fr\/wp-json\/wp\/v2\/product_cat?post=88250"},{"taxonomy":"product_tag","embeddable":true,"href":"https:\/\/h-moser.com\/fr\/wp-json\/wp\/v2\/product_tag?post=88250"}],"curies":[{"name":"wp","href":"https:\/\/api.w.org\/{rel}","templated":true}]}}