{"id":88931,"date":"2024-05-15T10:17:20","date_gmt":"2024-05-15T08:19:51","guid":{"rendered":"https:\/\/h-moser.com\/?post_type=product&#038;p=88931"},"modified":"2024-05-15T10:19:52","modified_gmt":"2024-05-15T08:19:52","slug":"streamliner-centre-seconds-6201-1201","status":"publish","type":"product","link":"https:\/\/h-moser.com\/fr\/produit\/streamliner-centre-seconds-6201-1201\/","title":{"rendered":"Streamliner Centre Seconds Purple Haze"},"content":{"rendered":"<p>L\u2019iconique Streamliner Centre Seconds fait son retour avec un nouveau cadran Purple Haze fum\u00e9, avec le logo H. Moser &amp; Cie. en laque transparente, renfor\u00e7ant l\u2019\u00e9l\u00e9gance minimaliste de ce mod\u00e8le au bracelet int\u00e9gr\u00e9 en acier, \u00e0 maillons uniques. Le garde-temps est entra\u00een\u00e9 par le calibre manufacture \u00e0 remontage automatique HMC 201 qui pr\u00e9sente une architecture plus ouverte, une masse oscillante en or enti\u00e8rement squelettis\u00e9e et des nuances grises raffin\u00e9es.<\/p>\n","protected":false},"excerpt":{"rendered":"<p>L\u2019iconique Streamliner Centre Seconds fait son retour avec un nouveau cadran Purple Haze fum\u00e9, avec le logo H. Moser &amp; Cie. en laque transparente, renfor\u00e7ant l\u2019\u00e9l\u00e9gance minimaliste de ce mod\u00e8le au bracelet int\u00e9gr\u00e9 en acier, \u00e0 maillons uniques. Le garde-temps est entra\u00een\u00e9 par le calibre manufacture \u00e0 remontage automatique HMC 201 qui pr\u00e9sente une architecture &hellip; <a href=\"https:\/\/h-moser.com\/fr\/produit\/streamliner-centre-seconds-6201-1201\/\">Continued<\/a><\/p>\n","protected":false},"featured_media":88884,"template":"","meta":{"_acf_changed":false,"_seopress_robots_primary_cat":"none","_seopress_titles_title":"","_seopress_titles_desc":"","_seopress_robots_index":""},"product_brand":[],"product_cat":[322,99],"product_tag":[],"class_list":{"0":"post-88931","1":"product","2":"type-product","3":"status-publish","4":"has-post-thumbnail","6":"product_cat-centre-seconds-3-fr","7":"product_cat-streamliner-fr","9":"first","10":"instock","11":"shipping-taxable","12":"purchasable","13":"product-type-simple"},"acf":[],"_links":{"self":[{"href":"https:\/\/h-moser.com\/fr\/wp-json\/wp\/v2\/product\/88931","targetHints":{"allow":["GET"]}}],"collection":[{"href":"https:\/\/h-moser.com\/fr\/wp-json\/wp\/v2\/product"}],"about":[{"href":"https:\/\/h-moser.com\/fr\/wp-json\/wp\/v2\/types\/product"}],"wp:featuredmedia":[{"embeddable":true,"href":"https:\/\/h-moser.com\/fr\/wp-json\/wp\/v2\/media\/88884"}],"wp:attachment":[{"href":"https:\/\/h-moser.com\/fr\/wp-json\/wp\/v2\/media?parent=88931"}],"wp:term":[{"taxonomy":"product_brand","embeddable":true,"href":"https:\/\/h-moser.com\/fr\/wp-json\/wp\/v2\/product_brand?post=88931"},{"taxonomy":"product_cat","embeddable":true,"href":"https:\/\/h-moser.com\/fr\/wp-json\/wp\/v2\/product_cat?post=88931"},{"taxonomy":"product_tag","embeddable":true,"href":"https:\/\/h-moser.com\/fr\/wp-json\/wp\/v2\/product_tag?post=88931"}],"curies":[{"name":"wp","href":"https:\/\/api.w.org\/{rel}","templated":true}]}}