{"id":89418,"date":"2024-05-17T14:39:46","date_gmt":"2024-05-17T12:39:46","guid":{"rendered":"https:\/\/h-moser.com\/product\/pioneer-tourbillon-3804-0901\/"},"modified":"2024-05-17T15:08:21","modified_gmt":"2024-05-17T13:08:21","slug":"pioneer-tourbillon-3804-0901","status":"publish","type":"product","link":"https:\/\/h-moser.com\/fr\/produit\/pioneer-tourbillon-3804-0901\/","title":{"rendered":"Pioneer Tourbillon"},"content":{"rendered":"<p>Proposant un v\u00e9ritable num\u00e9ro d&rsquo;\u00e9quilibriste \u00e0 6 heures, le mod\u00e8le Pioneer Tourbillon Mega Cool en or rouge et cadran Blue Lagoon fum\u00e9 dispose d&rsquo;un tourbillon muni d\u2019un double spiral, garantissant le plus haut niveau de pr\u00e9cision. L&rsquo;ouverture sur le cadran offre une vue d\u00e9gag\u00e9e sur ce m\u00e9canisme complexe qui effectue une rotation compl\u00e8te toutes les 60 secondes. Associ\u00e9 au robuste bo\u00eetier Pioneer parfaitement adapt\u00e9 \u00e0 un usage quotidien et aux index en or pour briller lors des d\u00eeners aux chandelles, ce mod\u00e8le n&rsquo;est jamais en reste.<\/p>\n","protected":false},"excerpt":{"rendered":"<p>Proposant un v\u00e9ritable num\u00e9ro d&rsquo;\u00e9quilibriste \u00e0 6 heures, le mod\u00e8le Pioneer Tourbillon Mega Cool en or rouge et cadran Blue Lagoon fum\u00e9 dispose d&rsquo;un tourbillon muni d\u2019un double spiral, garantissant le plus haut niveau de pr\u00e9cision. L&rsquo;ouverture sur le cadran offre une vue d\u00e9gag\u00e9e sur ce m\u00e9canisme complexe qui effectue une rotation compl\u00e8te toutes les &hellip; <a href=\"https:\/\/h-moser.com\/fr\/produit\/pioneer-tourbillon-3804-0901\/\">Continued<\/a><\/p>\n","protected":false},"featured_media":89405,"template":"","meta":{"_acf_changed":false,"_seopress_robots_primary_cat":"none","_seopress_titles_title":"","_seopress_titles_desc":"","_seopress_robots_index":""},"product_brand":[],"product_cat":[273,290],"product_tag":[],"class_list":{"0":"post-89418","1":"product","2":"type-product","3":"status-publish","4":"has-post-thumbnail","6":"product_cat-pioneer-fr","7":"product_cat-tourbillon-2-fr","9":"first","10":"instock","11":"shipping-taxable","12":"purchasable","13":"product-type-simple"},"acf":[],"_links":{"self":[{"href":"https:\/\/h-moser.com\/fr\/wp-json\/wp\/v2\/product\/89418","targetHints":{"allow":["GET"]}}],"collection":[{"href":"https:\/\/h-moser.com\/fr\/wp-json\/wp\/v2\/product"}],"about":[{"href":"https:\/\/h-moser.com\/fr\/wp-json\/wp\/v2\/types\/product"}],"wp:featuredmedia":[{"embeddable":true,"href":"https:\/\/h-moser.com\/fr\/wp-json\/wp\/v2\/media\/89405"}],"wp:attachment":[{"href":"https:\/\/h-moser.com\/fr\/wp-json\/wp\/v2\/media?parent=89418"}],"wp:term":[{"taxonomy":"product_brand","embeddable":true,"href":"https:\/\/h-moser.com\/fr\/wp-json\/wp\/v2\/product_brand?post=89418"},{"taxonomy":"product_cat","embeddable":true,"href":"https:\/\/h-moser.com\/fr\/wp-json\/wp\/v2\/product_cat?post=89418"},{"taxonomy":"product_tag","embeddable":true,"href":"https:\/\/h-moser.com\/fr\/wp-json\/wp\/v2\/product_tag?post=89418"}],"curies":[{"name":"wp","href":"https:\/\/api.w.org\/{rel}","templated":true}]}}