{"id":90649,"date":"2024-06-26T10:19:49","date_gmt":"2024-06-26T08:25:27","guid":{"rendered":"https:\/\/h-moser.com\/?post_type=product&#038;p=90649"},"modified":"2024-11-21T13:22:22","modified_gmt":"2024-11-21T12:22:22","slug":"streamliner-minute-repeater-6905-1200","status":"publish","type":"product","link":"https:\/\/h-moser.com\/fr\/produit\/streamliner-minute-repeater-6905-1200\/","title":{"rendered":"Streamliner Minute Repeater"},"content":{"rendered":"<p>H. Moser &amp; Cie. r\u00e9interpr\u00e8te l\u2019une des complications horlog\u00e8res les plus traditionnelles et romantiques et l\u2019associe \u00e0 un magnifique tourbillon volant. La Streamliner Concept Minute Repeater Tourbillon Blue Enamel est \u00e9galement dot\u00e9e d\u2019un cadran en \u00e9mail Grand Feu, couleur Aqua Blue fum\u00e9. Avec ses marteaux et ses timbres c\u00f4t\u00e9 cadran, son bo\u00eetier en acier inoxydable \u00e9tanche \u00e0 5 ATM au design unique, et son bracelet int\u00e9gr\u00e9, cette montre rend chaque moment plus m\u00e9lodieux \u2013 sur la terre ferme comme sous l\u2019eau.<\/p>\n","protected":false},"excerpt":{"rendered":"<p>H. Moser &amp; Cie. r\u00e9interpr\u00e8te l\u2019une des complications horlog\u00e8res les plus traditionnelles et romantiques et l\u2019associe \u00e0 un magnifique tourbillon volant. La Streamliner Concept Minute Repeater Tourbillon Blue Enamel est \u00e9galement dot\u00e9e d\u2019un cadran en \u00e9mail Grand Feu, couleur Aqua Blue fum\u00e9. Avec ses marteaux et ses timbres c\u00f4t\u00e9 cadran, son bo\u00eetier en acier inoxydable &hellip; <a href=\"https:\/\/h-moser.com\/fr\/produit\/streamliner-minute-repeater-6905-1200\/\">Continued<\/a><\/p>\n","protected":false},"featured_media":90568,"template":"","meta":{"_acf_changed":false,"_seopress_robots_primary_cat":"none","_seopress_titles_title":"","_seopress_titles_desc":"","_seopress_robots_index":""},"product_brand":[],"product_cat":[2000,99],"product_tag":[],"class_list":{"0":"post-90649","1":"product","2":"type-product","3":"status-publish","4":"has-post-thumbnail","6":"product_cat-minute-repeater-streamliner-fr","7":"product_cat-streamliner-fr","9":"first","10":"instock","11":"shipping-taxable","12":"product-type-simple"},"acf":[],"_links":{"self":[{"href":"https:\/\/h-moser.com\/fr\/wp-json\/wp\/v2\/product\/90649","targetHints":{"allow":["GET"]}}],"collection":[{"href":"https:\/\/h-moser.com\/fr\/wp-json\/wp\/v2\/product"}],"about":[{"href":"https:\/\/h-moser.com\/fr\/wp-json\/wp\/v2\/types\/product"}],"wp:featuredmedia":[{"embeddable":true,"href":"https:\/\/h-moser.com\/fr\/wp-json\/wp\/v2\/media\/90568"}],"wp:attachment":[{"href":"https:\/\/h-moser.com\/fr\/wp-json\/wp\/v2\/media?parent=90649"}],"wp:term":[{"taxonomy":"product_brand","embeddable":true,"href":"https:\/\/h-moser.com\/fr\/wp-json\/wp\/v2\/product_brand?post=90649"},{"taxonomy":"product_cat","embeddable":true,"href":"https:\/\/h-moser.com\/fr\/wp-json\/wp\/v2\/product_cat?post=90649"},{"taxonomy":"product_tag","embeddable":true,"href":"https:\/\/h-moser.com\/fr\/wp-json\/wp\/v2\/product_tag?post=90649"}],"curies":[{"name":"wp","href":"https:\/\/api.w.org\/{rel}","templated":true}]}}