{"id":92640,"date":"2024-11-27T15:12:58","date_gmt":"2024-08-29T13:14:42","guid":{"rendered":"https:\/\/h-moser.com\/?post_type=product&#038;p=92640"},"modified":"2024-08-29T15:14:42","modified_gmt":"2024-08-29T13:14:42","slug":"hmc-studio-underd0g-1800-1200","status":"publish","type":"product","link":"https:\/\/h-moser.com\/fr\/produit\/hmc-studio-underd0g-1800-1200\/","title":{"rendered":"Studio Underd0g X H. Moser &#038; Cie. &#8211; Passion Project &#8211; Limited Edition"},"content":{"rendered":"<p>Pr\u00e9sentation de notre collaboration fruit\u00e9e avec Studio Underd0g. Deux cr\u00e9ations ludiques qui font la paire. D\u2019une part, la H. Moser &amp; Cie. Endeavour Perpetual Calendar Passion Fruit, entra\u00een\u00e9e par notre mouvement prim\u00e9 \u00e0 quanti\u00e8me perp\u00e9tuel, ce garde-temps offre une association absolument savoureuse : un cadran bross\u00e9-soleil violet et un cadran en \u00e9mail \u00ab Grand Feu \u00bb sur une base en or jaune 18 carats. Et d\u2019autre part, la Studio Underd0g 03SERIES Passi0n Fruit : \u00e9quip\u00e9e d\u2019un chronographe mono-poussoir, elle ne passe vraiment pas inaper\u00e7ue avec son cadran multicouche Coarse D\u00e9grad\u00e9 Amber et Royal Purple. V\u00e9ritable explosion de couleurs acidul\u00e9es et audacieuses, ces cr\u00e9ations offrent un vibrant hommage \u00e0 la passion et la cr\u00e9ativit\u00e9.<\/p>\n<p>En savoir plus : <a href=\"https:\/\/h-moser.com\/fr\/studio-underd0g-h-moser\">H. Moser &amp; Cie. X Studio Underd0g<\/a><\/p>\n","protected":false},"excerpt":{"rendered":"<p>Two head turning timepieces. One passion <i>(fruit)<\/i>.<\/p>\n<p>Discover the fruits of our passion. Literally.<\/p>\n","protected":false},"featured_media":92568,"template":"","meta":{"_acf_changed":false,"_seopress_robots_primary_cat":"none","_seopress_titles_title":"","_seopress_titles_desc":"","_seopress_robots_index":""},"product_brand":[],"product_cat":[168,2135],"product_tag":[],"class_list":{"0":"post-92640","1":"product","2":"type-product","3":"status-publish","4":"has-post-thumbnail","6":"product_cat-endeavour-fr-2","7":"product_cat-collab-studio-underd0g-fr","9":"first","10":"instock","11":"shipping-taxable","12":"purchasable","13":"product-type-simple"},"acf":[],"_links":{"self":[{"href":"https:\/\/h-moser.com\/fr\/wp-json\/wp\/v2\/product\/92640","targetHints":{"allow":["GET"]}}],"collection":[{"href":"https:\/\/h-moser.com\/fr\/wp-json\/wp\/v2\/product"}],"about":[{"href":"https:\/\/h-moser.com\/fr\/wp-json\/wp\/v2\/types\/product"}],"wp:featuredmedia":[{"embeddable":true,"href":"https:\/\/h-moser.com\/fr\/wp-json\/wp\/v2\/media\/92568"}],"wp:attachment":[{"href":"https:\/\/h-moser.com\/fr\/wp-json\/wp\/v2\/media?parent=92640"}],"wp:term":[{"taxonomy":"product_brand","embeddable":true,"href":"https:\/\/h-moser.com\/fr\/wp-json\/wp\/v2\/product_brand?post=92640"},{"taxonomy":"product_cat","embeddable":true,"href":"https:\/\/h-moser.com\/fr\/wp-json\/wp\/v2\/product_cat?post=92640"},{"taxonomy":"product_tag","embeddable":true,"href":"https:\/\/h-moser.com\/fr\/wp-json\/wp\/v2\/product_tag?post=92640"}],"curies":[{"name":"wp","href":"https:\/\/api.w.org\/{rel}","templated":true}]}}