{"id":95609,"date":"2024-09-27T21:04:58","date_gmt":"2024-09-27T19:05:00","guid":{"rendered":"https:\/\/h-moser.com\/?post_type=product&#038;p=95609"},"modified":"2024-10-02T09:35:58","modified_gmt":"2024-10-02T07:35:58","slug":"pioneer-retrograde-seconds-midnight-blue-3250-1200","status":"publish","type":"product","link":"https:\/\/h-moser.com\/fr\/produit\/pioneer-retrograde-seconds-midnight-blue-3250-1200\/","title":{"rendered":"Pioneer Retrograde Seconds Midnight Blue"},"content":{"rendered":"<p>La Pioneer Retrograde Seconds accueille une complication fascinante dans un design sportif et sophistiqu\u00e9 : elle r\u00e9v\u00e8le \u00e0 6 heures un remarquable m\u00e9canisme de 30 secondes r\u00e9trogrades. Toutes les demi-minutes, l\u2019aiguille des secondes regagne en une fraction de seconde sa position initiale. Le garde-temps conf\u00e8re ainsi une note ludique et innovante au minimalisme embl\u00e9matique de la marque, incarn\u00e9 par un logo transparent sur le cadran Midnight Blue fum\u00e9. La transparence du m\u00e9canisme r\u00e9trograde est incontestablement la carte ma\u00eetresse de la Pioneer Retrograde Seconds qui offre une exp\u00e9rience visuelle sans pareille.<\/p>\n","protected":false},"excerpt":{"rendered":"<p>La Pioneer Retrograde Seconds accueille une complication fascinante dans un design sportif et sophistiqu\u00e9 : elle r\u00e9v\u00e8le \u00e0 6 heures un remarquable m\u00e9canisme de 30 secondes r\u00e9trogrades. Toutes les demi-minutes, l\u2019aiguille des secondes regagne en une fraction de seconde sa position initiale. Le garde-temps conf\u00e8re ainsi une note ludique et innovante au minimalisme embl\u00e9matique de &hellip; <a href=\"https:\/\/h-moser.com\/fr\/produit\/pioneer-retrograde-seconds-midnight-blue-3250-1200\/\">Continued<\/a><\/p>\n","protected":false},"featured_media":95644,"template":"","meta":{"_acf_changed":false,"_seopress_robots_primary_cat":"none","_seopress_titles_title":"","_seopress_titles_desc":"","_seopress_robots_index":""},"product_brand":[],"product_cat":[273],"product_tag":[],"class_list":{"0":"post-95609","1":"product","2":"type-product","3":"status-publish","4":"has-post-thumbnail","6":"product_cat-pioneer-fr","8":"first","9":"instock","10":"shipping-taxable","11":"purchasable","12":"product-type-simple"},"acf":[],"_links":{"self":[{"href":"https:\/\/h-moser.com\/fr\/wp-json\/wp\/v2\/product\/95609","targetHints":{"allow":["GET"]}}],"collection":[{"href":"https:\/\/h-moser.com\/fr\/wp-json\/wp\/v2\/product"}],"about":[{"href":"https:\/\/h-moser.com\/fr\/wp-json\/wp\/v2\/types\/product"}],"wp:featuredmedia":[{"embeddable":true,"href":"https:\/\/h-moser.com\/fr\/wp-json\/wp\/v2\/media\/95644"}],"wp:attachment":[{"href":"https:\/\/h-moser.com\/fr\/wp-json\/wp\/v2\/media?parent=95609"}],"wp:term":[{"taxonomy":"product_brand","embeddable":true,"href":"https:\/\/h-moser.com\/fr\/wp-json\/wp\/v2\/product_brand?post=95609"},{"taxonomy":"product_cat","embeddable":true,"href":"https:\/\/h-moser.com\/fr\/wp-json\/wp\/v2\/product_cat?post=95609"},{"taxonomy":"product_tag","embeddable":true,"href":"https:\/\/h-moser.com\/fr\/wp-json\/wp\/v2\/product_tag?post=95609"}],"curies":[{"name":"wp","href":"https:\/\/api.w.org\/{rel}","templated":true}]}}