{"id":96554,"date":"2024-11-28T13:49:54","date_gmt":"2024-10-16T11:53:05","guid":{"rendered":"https:\/\/h-moser.com\/?post_type=product&#038;p=96554"},"modified":"2025-09-09T12:17:57","modified_gmt":"2025-09-09T10:17:57","slug":"hmc-massena-lab-1220-1200","status":"publish","type":"product","link":"https:\/\/h-moser.com\/fr\/produit\/hmc-massena-lab-1220-1200\/","title":{"rendered":"Endeavour Chronograph H. Moser X Massena LAB"},"content":{"rendered":"<p>Voici notre toute nouvelle collaboration avec Massena LAB : le Endeavour Chronograph. Inspir\u00e9 des mod\u00e8les Moser du milieu du XXe si\u00e8cle, ce garde-temps perp\u00e9tue notre pass\u00e9 horloger et souligne notre passion pour l\u2019innovation. Il r\u00e9unit une disposition classique, notre cadran signature Funky Blue fum\u00e9 et l\u2019incroyable cr\u00e9ativit\u00e9 de nos amis de chez Massena LAB. Comment ne pas tomber sous son charme ? C\u2019est comme d\u00e9couvrir un tr\u00e9sor horloger vintage dans un mus\u00e9e \u2013 seulement celui-ci est con\u00e7u pour les explorateurs des temps modernes.<\/p>\n<p><strong>Mod\u00e8le exclusivement disponible dans les H. Moser &amp; Cie. espaces d\u00e9di\u00e9s et sur sa plateforme en ligne. Limit\u00e9 \u00e0 100 pi\u00e8ces.<\/strong><\/p>\n","protected":false},"excerpt":{"rendered":"<p>Voici notre toute nouvelle collaboration avec Massena LAB : le Endeavour Chronograph. Inspir\u00e9 des mod\u00e8les Moser du milieu du XXe si\u00e8cle, ce garde-temps perp\u00e9tue notre pass\u00e9 horloger et souligne notre passion pour l\u2019innovation. Il r\u00e9unit une disposition classique, notre cadran signature Funky Blue fum\u00e9 et l\u2019incroyable cr\u00e9ativit\u00e9 de nos amis de chez Massena LAB. Comment &hellip; <a href=\"https:\/\/h-moser.com\/fr\/produit\/hmc-massena-lab-1220-1200\/\">Continued<\/a><\/p>\n","protected":false},"featured_media":96486,"template":"","meta":{"_acf_changed":false,"_seopress_robots_primary_cat":"none","_seopress_titles_title":"","_seopress_titles_desc":"","_seopress_robots_index":""},"product_brand":[],"product_cat":[68],"product_tag":[],"class_list":{"0":"post-96554","1":"product","2":"type-product","3":"status-publish","4":"has-post-thumbnail","6":"product_cat-non-classe-fr-2","8":"first","9":"instock","10":"shipping-taxable","11":"purchasable","12":"product-type-simple"},"acf":[],"_links":{"self":[{"href":"https:\/\/h-moser.com\/fr\/wp-json\/wp\/v2\/product\/96554","targetHints":{"allow":["GET"]}}],"collection":[{"href":"https:\/\/h-moser.com\/fr\/wp-json\/wp\/v2\/product"}],"about":[{"href":"https:\/\/h-moser.com\/fr\/wp-json\/wp\/v2\/types\/product"}],"wp:featuredmedia":[{"embeddable":true,"href":"https:\/\/h-moser.com\/fr\/wp-json\/wp\/v2\/media\/96486"}],"wp:attachment":[{"href":"https:\/\/h-moser.com\/fr\/wp-json\/wp\/v2\/media?parent=96554"}],"wp:term":[{"taxonomy":"product_brand","embeddable":true,"href":"https:\/\/h-moser.com\/fr\/wp-json\/wp\/v2\/product_brand?post=96554"},{"taxonomy":"product_cat","embeddable":true,"href":"https:\/\/h-moser.com\/fr\/wp-json\/wp\/v2\/product_cat?post=96554"},{"taxonomy":"product_tag","embeddable":true,"href":"https:\/\/h-moser.com\/fr\/wp-json\/wp\/v2\/product_tag?post=96554"}],"curies":[{"name":"wp","href":"https:\/\/api.w.org\/{rel}","templated":true}]}}