{"id":99004,"date":"2024-11-14T14:57:05","date_gmt":"2024-11-27T19:57:05","guid":{"rendered":"https:\/\/h-moser.com\/?post_type=product&#038;p=99004"},"modified":"2024-11-28T14:35:10","modified_gmt":"2024-11-28T13:35:10","slug":"endeavour-centre-seconds-vantablack-1200-1239","status":"publish","type":"product","link":"https:\/\/h-moser.com\/fr\/produit\/endeavour-centre-seconds-vantablack-1200-1239\/","title":{"rendered":"Endeavour Centre Seconds Concept Vantablack\u00ae"},"content":{"rendered":"<p>Minimaliste et saisissant de profondeur visuelle, l\u2019Endeavour Centre Seconds Concept Vantablack\u00ae est con\u00e7u avec un rev\u00eatement innovant d\u00e9velopp\u00e9 pour l\u2019astrophysique, connu comme le mat\u00e9riau le plus noir cr\u00e9\u00e9 par l\u2019homme. En r\u00e9duisant les r\u00e9flexions lumineuses au minimum, le cadran cr\u00e9e l\u2019impression d\u2019un vide o\u00f9 les aiguilles se d\u00e9placent avec une pr\u00e9cision sans effort. Cette montre classique \u00e0 trois aiguilles se distingue par son double spiral et une \u00e9l\u00e9gante trotteuse violette.<\/p>\n","protected":false},"excerpt":{"rendered":"<p>Minimaliste et saisissant de profondeur visuelle, l\u2019Endeavour Centre Seconds Concept Vantablack\u00ae est con\u00e7u avec un rev\u00eatement innovant d\u00e9velopp\u00e9 pour l\u2019astrophysique, connu comme le mat\u00e9riau le plus noir cr\u00e9\u00e9 par l\u2019homme. En r\u00e9duisant les r\u00e9flexions lumineuses au minimum, le cadran cr\u00e9e l\u2019impression d\u2019un vide o\u00f9 les aiguilles se d\u00e9placent avec une pr\u00e9cision sans effort. Cette montre &hellip; <a href=\"https:\/\/h-moser.com\/fr\/produit\/endeavour-centre-seconds-vantablack-1200-1239\/\">Continued<\/a><\/p>\n","protected":false},"featured_media":98912,"template":"","meta":{"_acf_changed":false,"_seopress_robots_primary_cat":"none","_seopress_titles_title":"","_seopress_titles_desc":"","_seopress_robots_index":""},"product_brand":[],"product_cat":[178,168],"product_tag":[],"class_list":{"0":"post-99004","1":"product","2":"type-product","3":"status-publish","4":"has-post-thumbnail","6":"product_cat-centre-seconds-fr","7":"product_cat-endeavour-fr-2","9":"first","10":"instock","11":"shipping-taxable","12":"purchasable","13":"product-type-simple"},"acf":[],"_links":{"self":[{"href":"https:\/\/h-moser.com\/fr\/wp-json\/wp\/v2\/product\/99004","targetHints":{"allow":["GET"]}}],"collection":[{"href":"https:\/\/h-moser.com\/fr\/wp-json\/wp\/v2\/product"}],"about":[{"href":"https:\/\/h-moser.com\/fr\/wp-json\/wp\/v2\/types\/product"}],"wp:featuredmedia":[{"embeddable":true,"href":"https:\/\/h-moser.com\/fr\/wp-json\/wp\/v2\/media\/98912"}],"wp:attachment":[{"href":"https:\/\/h-moser.com\/fr\/wp-json\/wp\/v2\/media?parent=99004"}],"wp:term":[{"taxonomy":"product_brand","embeddable":true,"href":"https:\/\/h-moser.com\/fr\/wp-json\/wp\/v2\/product_brand?post=99004"},{"taxonomy":"product_cat","embeddable":true,"href":"https:\/\/h-moser.com\/fr\/wp-json\/wp\/v2\/product_cat?post=99004"},{"taxonomy":"product_tag","embeddable":true,"href":"https:\/\/h-moser.com\/fr\/wp-json\/wp\/v2\/product_tag?post=99004"}],"curies":[{"name":"wp","href":"https:\/\/api.w.org\/{rel}","templated":true}]}}