{"id":99009,"date":"2024-11-21T21:07:28","date_gmt":"2024-11-27T20:07:29","guid":{"rendered":"https:\/\/h-moser.com\/?post_type=product&#038;p=99009"},"modified":"2024-11-28T14:40:22","modified_gmt":"2024-11-28T13:40:22","slug":"endeavour-tourbillon-aventurine-1804-1219","status":"publish","type":"product","link":"https:\/\/h-moser.com\/fr\/produit\/endeavour-tourbillon-aventurine-1804-1219\/","title":{"rendered":"Endeavour Aventurine Tourbillon Steel"},"content":{"rendered":"<p>Minimaliste mais loin d\u2019\u00eatre banal, l\u2019Endeavour Aventurine Tourbillon en acier est une montre r\u00e9duite \u00e0 l\u2019essentiel, incarnant le concept du \u00ab moins, c\u2019est plus \u00bb. Avec un contraste net et froid, ce cadran en aventurine capture l\u2019\u00e9clat infini d\u2019un ciel \u00e9toil\u00e9 et invite le porteur \u00e0 plonger dans sa profondeur infinie \u2013 tout cela dans un bo\u00eetier parfaitement proportionn\u00e9 de 40 mm.<\/p>\n","protected":false},"excerpt":{"rendered":"<p>Minimaliste mais loin d\u2019\u00eatre banal, l\u2019Endeavour Aventurine Tourbillon en acier est une montre r\u00e9duite \u00e0 l\u2019essentiel, incarnant le concept du \u00ab moins, c\u2019est plus \u00bb. Avec un contraste net et froid, ce cadran en aventurine capture l\u2019\u00e9clat infini d\u2019un ciel \u00e9toil\u00e9 et invite le porteur \u00e0 plonger dans sa profondeur infinie \u2013 tout cela dans &hellip; <a href=\"https:\/\/h-moser.com\/fr\/produit\/endeavour-tourbillon-aventurine-1804-1219\/\">Continued<\/a><\/p>\n","protected":false},"featured_media":98856,"template":"","meta":{"_acf_changed":false,"_seopress_robots_primary_cat":"none","_seopress_titles_title":"","_seopress_titles_desc":"","_seopress_robots_index":""},"product_brand":[],"product_cat":[168,218],"product_tag":[],"class_list":{"0":"post-99009","1":"product","2":"type-product","3":"status-publish","4":"has-post-thumbnail","6":"product_cat-endeavour-fr-2","7":"product_cat-tourbillon-fr","9":"first","10":"instock","11":"shipping-taxable","12":"purchasable","13":"product-type-simple"},"acf":[],"_links":{"self":[{"href":"https:\/\/h-moser.com\/fr\/wp-json\/wp\/v2\/product\/99009","targetHints":{"allow":["GET"]}}],"collection":[{"href":"https:\/\/h-moser.com\/fr\/wp-json\/wp\/v2\/product"}],"about":[{"href":"https:\/\/h-moser.com\/fr\/wp-json\/wp\/v2\/types\/product"}],"wp:featuredmedia":[{"embeddable":true,"href":"https:\/\/h-moser.com\/fr\/wp-json\/wp\/v2\/media\/98856"}],"wp:attachment":[{"href":"https:\/\/h-moser.com\/fr\/wp-json\/wp\/v2\/media?parent=99009"}],"wp:term":[{"taxonomy":"product_brand","embeddable":true,"href":"https:\/\/h-moser.com\/fr\/wp-json\/wp\/v2\/product_brand?post=99009"},{"taxonomy":"product_cat","embeddable":true,"href":"https:\/\/h-moser.com\/fr\/wp-json\/wp\/v2\/product_cat?post=99009"},{"taxonomy":"product_tag","embeddable":true,"href":"https:\/\/h-moser.com\/fr\/wp-json\/wp\/v2\/product_tag?post=99009"}],"curies":[{"name":"wp","href":"https:\/\/api.w.org\/{rel}","templated":true}]}}