{"id":99972,"date":"2024-11-16T08:30:29","date_gmt":"2025-01-08T10:30:29","guid":{"rendered":"https:\/\/h-moser.com\/?post_type=product&#038;p=99972"},"modified":"2025-01-09T15:00:50","modified_gmt":"2025-01-09T14:00:50","slug":"endeavour-blue-lagoon-centre-seconds-1200-1240","status":"publish","type":"product","link":"https:\/\/h-moser.com\/fr\/produit\/endeavour-blue-lagoon-centre-seconds-1200-1240\/","title":{"rendered":"Endeavour Centre Seconds Blue Lagoon"},"content":{"rendered":"<p>L\u2019incarnation de l\u2019\u00e9l\u00e9gance contemporaine : l\u2019Endeavour Centre Seconds, d\u00e9sormais disponible en 38 mm. Le bo\u00eetier en acier compl\u00e8te parfaitement le d\u00e9grad\u00e9 Blue Lagoon du cadran fum\u00e9, offrant un design minimaliste mais saisissant sign\u00e9 H. Moser &amp; Cie. <span data-teams=\"true\">Anim\u00e9 par un mouvement automatique Manufacture \u00e0 double spiral, ce mod\u00e8le \u00e9pur\u00e9 se d\u00e9die \u00e0 l&rsquo;essentiel, l&rsquo;affichage de l&rsquo;heure, mettant en valeur la beaut\u00e9 de son bo\u00eetier aux formes gauches et de son cadran \u00e0 la couleur vibrante.<\/span><\/p>\n","protected":false},"excerpt":{"rendered":"<p>L\u2019incarnation de l\u2019\u00e9l\u00e9gance contemporaine : l\u2019Endeavour Centre Seconds, d\u00e9sormais disponible en 38 mm. Le bo\u00eetier en acier compl\u00e8te parfaitement le d\u00e9grad\u00e9 Blue Lagoon du cadran fum\u00e9, offrant un design minimaliste mais saisissant sign\u00e9 H. Moser &amp; Cie. Anim\u00e9 par un mouvement automatique Manufacture \u00e0 double spiral, ce mod\u00e8le \u00e9pur\u00e9 se d\u00e9die \u00e0 l&rsquo;essentiel, l&rsquo;affichage de &hellip; <a href=\"https:\/\/h-moser.com\/fr\/produit\/endeavour-blue-lagoon-centre-seconds-1200-1240\/\">Continued<\/a><\/p>\n","protected":false},"featured_media":100000,"template":"","meta":{"_acf_changed":false,"_seopress_robots_primary_cat":"none","_seopress_titles_title":"H. Moser &amp; Cie. \u2013 Endeavour Centre Seconds Steel and Blue Lagoon fum\u00e9 Concept dial","_seopress_titles_desc":"Endeavour Centre Seconds in Steel with Blue Lagoon fum\u00e9 Concept dial, a modern-classic piece of independent watchmaking.","_seopress_robots_index":""},"product_brand":[],"product_cat":[178,168],"product_tag":[],"class_list":{"0":"post-99972","1":"product","2":"type-product","3":"status-publish","4":"has-post-thumbnail","6":"product_cat-centre-seconds-fr","7":"product_cat-endeavour-fr-2","9":"first","10":"instock","11":"shipping-taxable","12":"purchasable","13":"product-type-simple"},"acf":[],"_links":{"self":[{"href":"https:\/\/h-moser.com\/fr\/wp-json\/wp\/v2\/product\/99972","targetHints":{"allow":["GET"]}}],"collection":[{"href":"https:\/\/h-moser.com\/fr\/wp-json\/wp\/v2\/product"}],"about":[{"href":"https:\/\/h-moser.com\/fr\/wp-json\/wp\/v2\/types\/product"}],"wp:featuredmedia":[{"embeddable":true,"href":"https:\/\/h-moser.com\/fr\/wp-json\/wp\/v2\/media\/100000"}],"wp:attachment":[{"href":"https:\/\/h-moser.com\/fr\/wp-json\/wp\/v2\/media?parent=99972"}],"wp:term":[{"taxonomy":"product_brand","embeddable":true,"href":"https:\/\/h-moser.com\/fr\/wp-json\/wp\/v2\/product_brand?post=99972"},{"taxonomy":"product_cat","embeddable":true,"href":"https:\/\/h-moser.com\/fr\/wp-json\/wp\/v2\/product_cat?post=99972"},{"taxonomy":"product_tag","embeddable":true,"href":"https:\/\/h-moser.com\/fr\/wp-json\/wp\/v2\/product_tag?post=99972"}],"curies":[{"name":"wp","href":"https:\/\/api.w.org\/{rel}","templated":true}]}}